{"id":30470,"date":"2024-04-19T17:28:05","date_gmt":"2024-04-19T15:28:05","guid":{"rendered":"http:\/\/www.rossinioperafestival.it\/?page_id=30470"},"modified":"2026-04-24T16:59:31","modified_gmt":"2026-04-24T14:59:31","slug":"il-rof-thanks","status":"publish","type":"page","link":"https:\/\/www.rossinioperafestival.it\/en\/festival\/il-rof-thanks\/","title":{"rendered":"ROF thanks"},"content":{"rendered":"\n<div class=\"wp-block-columns is-layout-flex wp-container-core-columns-is-layout-9d6595d7 wp-block-columns-is-layout-flex\">\n<div class=\"wp-block-column is-layout-flow wp-block-column-is-layout-flow\">\n<h4>Donors 2026<\/h4>\n<\/div>\n<\/div>\n\n\n\n<div class=\"wp-block-columns is-layout-flex wp-container-core-columns-is-layout-9d6595d7 wp-block-columns-is-layout-flex\">\n<div class=\"wp-block-column is-layout-flow wp-block-column-is-layout-flow\">\n<p>Luca Billi e <span style=\"font-size: revert;\">Zaira Giangreco<\/span><br \/>Cordula Danco<br \/>Linda Bjelland<br \/>Soroptimist International Club Pesaro<br \/>Maria Giacometti<br \/><span style=\"font-size: revert;\">Paolo Tarchi<br \/>Guido e Maria Della Chiara<\/span><\/p>\n<p><em>Donation in memory of<\/em> Paolo Maria Marini<\/p>\n<\/div>\n<\/div>\n\n\n\n<div style=\"height:100px\" aria-hidden=\"true\" class=\"wp-block-spacer\"><\/div>\n\n\n\n<div class=\"wp-block-columns is-layout-flex wp-container-core-columns-is-layout-9d6595d7 wp-block-columns-is-layout-flex\">\n<div class=\"wp-block-column is-layout-flow wp-block-column-is-layout-flow\">\n<h4>Amici del Rossini Opera Festival 2025<\/h4>\n<\/div>\n<\/div>\n\n\n\n<div class=\"wp-block-columns is-layout-flex wp-container-core-columns-is-layout-9d6595d7 wp-block-columns-is-layout-flex\">\n<div class=\"wp-block-column is-layout-flow wp-block-column-is-layout-flow\">\n<h5>Presidente<\/h5>\n<p>Paola Pierangeli Tittarelli<\/p>\n<\/div>\n\n\n\n<div class=\"wp-block-column is-layout-flow wp-block-column-is-layout-flow\">\n<h5>Soci Fondatori<\/h5>\n<p>Germano Buzzi<br \/>Eugenio Ceccolini<br \/>Anna Gasparucci Selci<br \/>Maurizio Gennari<br \/>Vittorio Livi<br \/>Francesco Merloni<br \/>Silvana Ratti<\/p>\n<\/div>\n<\/div>\n\n\n\n<div class=\"wp-block-columns is-layout-flex wp-container-core-columns-is-layout-9d6595d7 wp-block-columns-is-layout-flex\">\n<div class=\"wp-block-column is-layout-flow wp-block-column-is-layout-flow\">\n<h5>Consiglio d\u2019amministrazione<\/h5>\n<p>Eugenio Ceccolini<br \/>Vittorio Livi<br \/>Annalisa Ceccolini<br \/>Silvana Ratti<\/p>\n<\/div>\n\n\n\n<div class=\"wp-block-column is-layout-flow wp-block-column-is-layout-flow\">\n<h5 class=\"wp-block-heading\">Collegio sindacale<\/h5>\n\n\n\n<p>Luca Sorcinelli, Presidente<br>Francesco Gennari, Sindaco<br>Tommaso D\u2019Angelo, Sindaco<\/p>\n<\/div>\n<\/div>\n\n\n\n<div class=\"wp-block-columns is-layout-flex wp-container-core-columns-is-layout-9d6595d7 wp-block-columns-is-layout-flex\">\n<div class=\"wp-block-column is-layout-flow wp-block-column-is-layout-flow\">\n<h5 class=\"wp-block-heading\">Sostenitori Diamante<\/h5>\n\n\n\n<p>Sabine e Dan Stolero<br>Vivien McLean e Peter Beckwith<\/p>\n<\/div>\n\n\n\n<div class=\"wp-block-column is-layout-flow wp-block-column-is-layout-flow\">\n<h5 class=\"wp-block-heading\">Sostenitori Platino<\/h5>\n\n\n\n<p>Mayri Vo\u00fbte<br>Philip Eisenbeiss<\/p>\n<\/div>\n<\/div>\n\n\n\n<h5 class=\"wp-block-heading\">Sostenitori Oro<\/h5>\n\n\n\n<p class=\"trecolo\">Heinz Georg Willer<br>Nelli Frei Glaeser e Guido Glaeser&nbsp;<br>Rair Simonyan<br>Peter Vandamme&nbsp;<br>Venetian Gold S.R.L<\/p>\n\n\n\n<h5 class=\"wp-block-heading\">Sostenitori<\/h5>\n\n\n\n<p class=\"trecolo\">Emanuele Baldi<br>Inge e Michael Boetzel<br>Annalisa e Eugenio Ceccolini<br>Alexander Crary<br>Regina Janes<br>Susan M. Kelly<br>Michael D. Watts<br>Peter Yeomanson<br>Luciano Arcangeli<br>Alessandra Baronciani<br>Liliana Belli Paci Segre<br>Eulalia Battistelli<br>Filippo Beck<br>Domenico Cassani<br>Joanne Chernow<br>Nicola Dolcini<br>Luciana Fattori<br>Gianfranco Fazzini<br>Giovanna e Salvatore Giordano<br>Deborah Giraldi<br>Monika Glotzmann<br>Juana Herrera Marroquin<br>Heinz Hockmann<br>Bruce Johansen<br>Beverly Kleiman<br>Vittorio Livi<br>Federica e Mario Mancini<br>Andrea Melella<br>Roberto Monaco<br>Michael Nakamaye<br>Nicole e Martin Ostwald<br>Arturo Pardi<br>Fausto Pasqualini Galliani<br>Luciana Pierangeli<br>Paola Pierangeli Tittarelli<br>Ted Porter<br>Alain Pujol<br>Silvana Ratti<br>Giuliano Rossi<br>Luisa Rossi<br>Philippe Thewissen<br>Villa Cattani Stuart<br>Mark Walker<\/p>\n\n\n\n<h5 class=\"wp-block-heading\">Amici<\/h5>\n\n\n\n<p class=\"trecolo\">Klaus P. Arnold<br>Mario Hamlet-Mertz<br>Herbert Kiessling<br>Nicole Vecchioli<br>William Lassetter<br>Werner Adam<br>Jonathan Capelli<br>Giorgio Girelli<br>Gumbert Werner<br>Rudolf Mues<br>Salvatore Nardulli<br>Christiane Obermeyr-Gruber<br>Daniele Rivelli<br>Thomas Row<br>Guido Coen Tirelli<br>Sylvain Chambre<br>Elke Wallat<br>Satoshi Asaoka<br>Anna Eszter Aczel<br>David Adams<br>Petra Adam<br>Daphne Joyce Allen<br>Annie Claire<br>Renzo Andreotti<br>Jay M. Anstee<br>Kazumi Arai<br>Franca Arduini<br>Jean-Philippe Arruebo-Mannier<br>Boris Azaltovic<br>Antonella Azzoni<br>Mario Bazzoli<br>Aldo Bennini<br>Alberto Benvenuti<br>Salvatore Bianco<br>Alberto Binello<br>Linda Bjelland<br>Semjon Bloch<br>Laurent Boccon-Gibod<br>Alfredo Bonetti<br>Giuseppe Bosoni<br>Peter Brase<br>Gio Batta Bucciol<br>Pascal Da Neves<br>Danilo Cacciagrano<br>Marius Caflisch<br>Marius Calligaris<br>Antonella Castelbarco<br>Kathleen Chiti<br>Samuele Clerici<br>Claudio Cobelli<br>Ira Cohen<br>Laura Colm<br>Rudolf Colm<br>Giovanni Corsini<br>Salvador Crespo Pic\u00f3<br>Pierre Criquet<br>Marius Curea<br>Isabella Damiani<br>Marcello D\u2019Antonino<br>Ren\u00e9 Delporte<br>Veronica Donoghue<br>Alain De Charentenay<br>Maria-Jos\u00e9 Dolorian<br>Guido Donati<br>Louis Dorbath<br>Ruth D\u00fcring<br>Francesco, Edoardo Esposito e Maria Angela Bellini<br>Bodo Fahlbusch<br>Fran\u00e7ois Falco<br>Farmacia Centrale Ruggeri<br>Fran\u00e7ois Faure<br>Claude Fernandez<br>Raquel Ferrari<br>Andrea Fontanelli<br>Marcel Franckson<br>Lilly Fr\u00f6hlich<br>Hugo Furrer<br>Marco Gallizioli<br>Paolo Gentili<br>Pierre Gerlinger<br>Maria Giacometti<br>Vladimir Gr\u00e1c<br>Jorge Guillermo<br>Charels Harman<br>Jean-Bernard Hav\u00e9<br>Walter Hirzinger<br>Simone Hisler<br>Marise Cremona e Adam Hodgkin<br>Werner Hoffmann<br>Roger Holden<br>Denise Huon<br>Bjarne Heidi Joergensen<br>Howard Douglas Jones<br>Pierre Julien<br>Val e Roger Jupe<br>Kyoko Kasami<br>Bernd-R\u00fcdiger Kern<br>Michiko Kobayashi<br>David E. Koch<br>Michael Kornby<br>Bertrand Lavayssi\u00e8re<br>Arturo Linguaglossa<br>Enrique L\u00f3pez-Aranda<br>Tim Macquiban<br>Luca Maestripieri<br>Roberto Magro<br>Fabrizio Manna<br>Franco Masseroni<br>Presian Markov<br>Mizuho Matsubara<br>Risa Matsumura, Minami-Ku<br>Elio Menzione<br>Maria Cristina Meriggiola e Andrea Forni<br>Yoko Miwa<br>Noriko Mizutani<br>Claudio Moneta<br>Rossella Montagnani-Marelli<br>Sylvain Moreau<br>Jean-Paul Mullier<br>Antonio Negretti<br>Thomas Notthoff<br>Kevin O\u2019Hare, Glasgow<br>Akiko Otokita<br>Guido Palmieri<br>Paolo Paolini<br>Liz e Nigel Peace<br>Jean-Fran\u00e7ois Pechberty<br>Richard Price<br>Vladimiro Rambaldi<br>Justa e Hans Renner<br>Ian K. Ritchie<br>Andr\u00e9e e Leonardo Rolla-Techeur<br>Paolo Rondelli<br>Caroline Rouleau Menu<br>Mark Rowse<br>Claudio Ruberti<br>Maria Carolina Santini Buzzi<br>Elisabeth Schneider Zlabinger<br>Jean Marc Schwartzenberg<br>Marina Scialuga<br>Giovanna Signorini<br>Ren\u00e9 Sommer<br>Eric Speeckaert<br>Laura Spinaci<br>Dirk Sterkendries<br>Lucki Stipetic<br>Shinichi Sugaya<br>Masaya Suzuki<br>Paul Tanos<br>Rita Tarquini<br>Mario Torre<br>Masako Toyama<br>J\u00fcrgen Trabant<br>J. Patrick Truhn<br>Francisco Jos\u00e9 Villalba Talavera<br>Gaby Vogt<br>Michel Vouge<br>Heidemarie Werbetz<br>Astrid Wilk<br>Herbert Zlabinger<\/p>\n\n\n\n<h5 class=\"wp-block-heading\">Amici under 30<\/h5>\n\n\n\n<p class=\"trecolo\">Emma Bonetti<br>Martina Maria Malimpensa<br>Simone Martini<br>Aldo Pardi<br>Martina Chiara Pini<br>Margherita e Maria Vittoria Tomassini<\/p>\n\n\n\n<p><\/p>\n","protected":false},"excerpt":{"rendered":"<p>Donors 2026 Luca Billi e Zaira GiangrecoCordula DancoLinda BjellandSoroptimist International Club PesaroMaria GiacomettiPaolo TarchiGuido e Maria Della Chiara Donation in memory of Paolo Maria Marini Amici del Rossini Opera Festival 2025 Presidente Paola Pierangeli Tittarelli Soci Fondatori Germano BuzziEugenio CeccoliniAnna Gasparucci SelciMaurizio GennariVittorio LiviFrancesco MerloniSilvana Ratti Consiglio d\u2019amministrazione Eugenio CeccoliniVittorio LiviAnnalisa CeccoliniSilvana Ratti Collegio sindacale [&hellip;]<\/p>\n","protected":false},"author":7,"featured_media":32758,"parent":29825,"menu_order":0,"comment_status":"closed","ping_status":"closed","template":"","meta":{"_acf_changed":false,"footnotes":""},"class_list":["post-30470","page","type-page","status-publish","has-post-thumbnail","hentry"],"acf":[],"yoast_head":"<!-- This site is optimized with the Yoast SEO plugin v27.4 - https:\/\/yoast.com\/product\/yoast-seo-wordpress\/ -->\n<title>ROF thanks - Rossini Opera Festival<\/title>\n<meta name=\"description\" content=\"Donors 2026 Luca Billi e Zaira Giangreco Cordula Danco Linda Bjelland Soroptimist International Club Pesaro Maria Giacometti Paolo Tarchi Guido... Leggi di pi\u00f9\" \/>\n<meta name=\"robots\" content=\"index, follow, max-snippet:-1, max-image-preview:large, max-video-preview:-1\" \/>\n<link rel=\"canonical\" href=\"https:\/\/www.rossinioperafestival.it\/en\/festival\/il-rof-thanks\/\" \/>\n<meta property=\"og:locale\" content=\"en_US\" \/>\n<meta property=\"og:type\" content=\"article\" \/>\n<meta property=\"og:title\" content=\"ROF thanks - Rossini Opera Festival\" \/>\n<meta property=\"og:description\" content=\"Donors 2026 Luca Billi e Zaira GiangrecoCordula DancoLinda BjellandSoroptimist International Club PesaroMaria GiacomettiPaolo TarchiGuido e Maria Della Chiara Donation in memory of Paolo Maria Marini Amici del Rossini Opera Festival 2025 Presidente Paola Pierangeli Tittarelli Soci Fondatori Germano BuzziEugenio CeccoliniAnna Gasparucci SelciMaurizio GennariVittorio LiviFrancesco MerloniSilvana Ratti Consiglio d\u2019amministrazione Eugenio CeccoliniVittorio LiviAnnalisa CeccoliniSilvana Ratti Collegio sindacale [&hellip;]\" \/>\n<meta property=\"og:url\" content=\"https:\/\/www.rossinioperafestival.it\/en\/festival\/il-rof-thanks\/\" \/>\n<meta property=\"og:site_name\" content=\"Rossini Opera Festival\" \/>\n<meta property=\"article:modified_time\" content=\"2026-04-24T14:59:31+00:00\" \/>\n<meta property=\"og:image\" content=\"https:\/\/www.rossinioperafestival.it\/wp-content\/uploads\/2024\/05\/rof-ringrazia.png\" \/>\n\t<meta property=\"og:image:width\" content=\"1030\" \/>\n\t<meta property=\"og:image:height\" content=\"1030\" \/>\n\t<meta property=\"og:image:type\" content=\"image\/png\" \/>\n<meta name=\"twitter:card\" content=\"summary_large_image\" \/>\n<meta name=\"twitter:label1\" content=\"Est. reading time\" \/>\n\t<meta name=\"twitter:data1\" content=\"4 minutes\" \/>\n<script type=\"application\/ld+json\" class=\"yoast-schema-graph\">{\"@context\":\"https:\\\/\\\/schema.org\",\"@graph\":[{\"@type\":\"WebPage\",\"@id\":\"https:\\\/\\\/www.rossinioperafestival.it\\\/en\\\/festival\\\/il-rof-thanks\\\/\",\"url\":\"https:\\\/\\\/www.rossinioperafestival.it\\\/en\\\/festival\\\/il-rof-thanks\\\/\",\"name\":\"ROF thanks - Rossini Opera Festival\",\"isPartOf\":{\"@id\":\"https:\\\/\\\/www.rossinioperafestival.it\\\/en\\\/#website\"},\"primaryImageOfPage\":{\"@id\":\"https:\\\/\\\/www.rossinioperafestival.it\\\/en\\\/festival\\\/il-rof-thanks\\\/#primaryimage\"},\"image\":{\"@id\":\"https:\\\/\\\/www.rossinioperafestival.it\\\/en\\\/festival\\\/il-rof-thanks\\\/#primaryimage\"},\"thumbnailUrl\":\"https:\\\/\\\/www.rossinioperafestival.it\\\/wp-content\\\/uploads\\\/2024\\\/05\\\/rof-ringrazia.png\",\"datePublished\":\"2024-04-19T15:28:05+00:00\",\"dateModified\":\"2026-04-24T14:59:31+00:00\",\"breadcrumb\":{\"@id\":\"https:\\\/\\\/www.rossinioperafestival.it\\\/en\\\/festival\\\/il-rof-thanks\\\/#breadcrumb\"},\"inLanguage\":\"en-US\",\"potentialAction\":[{\"@type\":\"ReadAction\",\"target\":[\"https:\\\/\\\/www.rossinioperafestival.it\\\/en\\\/festival\\\/il-rof-thanks\\\/\"]}]},{\"@type\":\"ImageObject\",\"inLanguage\":\"en-US\",\"@id\":\"https:\\\/\\\/www.rossinioperafestival.it\\\/en\\\/festival\\\/il-rof-thanks\\\/#primaryimage\",\"url\":\"https:\\\/\\\/www.rossinioperafestival.it\\\/wp-content\\\/uploads\\\/2024\\\/05\\\/rof-ringrazia.png\",\"contentUrl\":\"https:\\\/\\\/www.rossinioperafestival.it\\\/wp-content\\\/uploads\\\/2024\\\/05\\\/rof-ringrazia.png\",\"width\":1030,\"height\":1030},{\"@type\":\"BreadcrumbList\",\"@id\":\"https:\\\/\\\/www.rossinioperafestival.it\\\/en\\\/festival\\\/il-rof-thanks\\\/#breadcrumb\",\"itemListElement\":[{\"@type\":\"ListItem\",\"position\":1,\"name\":\"Home\",\"item\":\"https:\\\/\\\/www.rossinioperafestival.it\\\/en\\\/\"},{\"@type\":\"ListItem\",\"position\":2,\"name\":\"Festival\",\"item\":\"https:\\\/\\\/www.rossinioperafestival.it\\\/en\\\/?page_id=29825\"},{\"@type\":\"ListItem\",\"position\":3,\"name\":\"ROF thanks\"}]},{\"@type\":\"WebSite\",\"@id\":\"https:\\\/\\\/www.rossinioperafestival.it\\\/en\\\/#website\",\"url\":\"https:\\\/\\\/www.rossinioperafestival.it\\\/en\\\/\",\"name\":\"Rossini Opera Festival\",\"description\":\"Rossini Opera Festival\",\"publisher\":{\"@id\":\"https:\\\/\\\/www.rossinioperafestival.it\\\/en\\\/#organization\"},\"potentialAction\":[{\"@type\":\"SearchAction\",\"target\":{\"@type\":\"EntryPoint\",\"urlTemplate\":\"https:\\\/\\\/www.rossinioperafestival.it\\\/en\\\/?s={search_term_string}\"},\"query-input\":{\"@type\":\"PropertyValueSpecification\",\"valueRequired\":true,\"valueName\":\"search_term_string\"}}],\"inLanguage\":\"en-US\"},{\"@type\":\"Organization\",\"@id\":\"https:\\\/\\\/www.rossinioperafestival.it\\\/en\\\/#organization\",\"name\":\"Rossini Opera Festival\",\"url\":\"https:\\\/\\\/www.rossinioperafestival.it\\\/en\\\/\",\"logo\":{\"@type\":\"ImageObject\",\"inLanguage\":\"en-US\",\"@id\":\"https:\\\/\\\/www.rossinioperafestival.it\\\/en\\\/#\\\/schema\\\/logo\\\/image\\\/\",\"url\":\"https:\\\/\\\/www.rossinioperafestival.it\\\/wp-content\\\/uploads\\\/logo_rof.svg\",\"contentUrl\":\"https:\\\/\\\/www.rossinioperafestival.it\\\/wp-content\\\/uploads\\\/logo_rof.svg\",\"caption\":\"Rossini Opera Festival\"},\"image\":{\"@id\":\"https:\\\/\\\/www.rossinioperafestival.it\\\/en\\\/#\\\/schema\\\/logo\\\/image\\\/\"}}]}<\/script>\n<!-- \/ Yoast SEO plugin. -->","yoast_head_json":{"title":"ROF thanks - Rossini Opera Festival","description":"Donors 2026 Luca Billi e Zaira Giangreco Cordula Danco Linda Bjelland Soroptimist International Club Pesaro Maria Giacometti Paolo Tarchi Guido... Leggi di pi\u00f9","robots":{"index":"index","follow":"follow","max-snippet":"max-snippet:-1","max-image-preview":"max-image-preview:large","max-video-preview":"max-video-preview:-1"},"canonical":"https:\/\/www.rossinioperafestival.it\/en\/festival\/il-rof-thanks\/","og_locale":"en_US","og_type":"article","og_title":"ROF thanks - Rossini Opera Festival","og_description":"Donors 2026 Luca Billi e Zaira GiangrecoCordula DancoLinda BjellandSoroptimist International Club PesaroMaria GiacomettiPaolo TarchiGuido e Maria Della Chiara Donation in memory of Paolo Maria Marini Amici del Rossini Opera Festival 2025 Presidente Paola Pierangeli Tittarelli Soci Fondatori Germano BuzziEugenio CeccoliniAnna Gasparucci SelciMaurizio GennariVittorio LiviFrancesco MerloniSilvana Ratti Consiglio d\u2019amministrazione Eugenio CeccoliniVittorio LiviAnnalisa CeccoliniSilvana Ratti Collegio sindacale [&hellip;]","og_url":"https:\/\/www.rossinioperafestival.it\/en\/festival\/il-rof-thanks\/","og_site_name":"Rossini Opera Festival","article_modified_time":"2026-04-24T14:59:31+00:00","og_image":[{"width":1030,"height":1030,"url":"https:\/\/www.rossinioperafestival.it\/wp-content\/uploads\/2024\/05\/rof-ringrazia.png","type":"image\/png"}],"twitter_card":"summary_large_image","twitter_misc":{"Est. reading time":"4 minutes"},"schema":{"@context":"https:\/\/schema.org","@graph":[{"@type":"WebPage","@id":"https:\/\/www.rossinioperafestival.it\/en\/festival\/il-rof-thanks\/","url":"https:\/\/www.rossinioperafestival.it\/en\/festival\/il-rof-thanks\/","name":"ROF thanks - Rossini Opera Festival","isPartOf":{"@id":"https:\/\/www.rossinioperafestival.it\/en\/#website"},"primaryImageOfPage":{"@id":"https:\/\/www.rossinioperafestival.it\/en\/festival\/il-rof-thanks\/#primaryimage"},"image":{"@id":"https:\/\/www.rossinioperafestival.it\/en\/festival\/il-rof-thanks\/#primaryimage"},"thumbnailUrl":"https:\/\/www.rossinioperafestival.it\/wp-content\/uploads\/2024\/05\/rof-ringrazia.png","datePublished":"2024-04-19T15:28:05+00:00","dateModified":"2026-04-24T14:59:31+00:00","breadcrumb":{"@id":"https:\/\/www.rossinioperafestival.it\/en\/festival\/il-rof-thanks\/#breadcrumb"},"inLanguage":"en-US","potentialAction":[{"@type":"ReadAction","target":["https:\/\/www.rossinioperafestival.it\/en\/festival\/il-rof-thanks\/"]}]},{"@type":"ImageObject","inLanguage":"en-US","@id":"https:\/\/www.rossinioperafestival.it\/en\/festival\/il-rof-thanks\/#primaryimage","url":"https:\/\/www.rossinioperafestival.it\/wp-content\/uploads\/2024\/05\/rof-ringrazia.png","contentUrl":"https:\/\/www.rossinioperafestival.it\/wp-content\/uploads\/2024\/05\/rof-ringrazia.png","width":1030,"height":1030},{"@type":"BreadcrumbList","@id":"https:\/\/www.rossinioperafestival.it\/en\/festival\/il-rof-thanks\/#breadcrumb","itemListElement":[{"@type":"ListItem","position":1,"name":"Home","item":"https:\/\/www.rossinioperafestival.it\/en\/"},{"@type":"ListItem","position":2,"name":"Festival","item":"https:\/\/www.rossinioperafestival.it\/en\/?page_id=29825"},{"@type":"ListItem","position":3,"name":"ROF thanks"}]},{"@type":"WebSite","@id":"https:\/\/www.rossinioperafestival.it\/en\/#website","url":"https:\/\/www.rossinioperafestival.it\/en\/","name":"Rossini Opera Festival","description":"Rossini Opera Festival","publisher":{"@id":"https:\/\/www.rossinioperafestival.it\/en\/#organization"},"potentialAction":[{"@type":"SearchAction","target":{"@type":"EntryPoint","urlTemplate":"https:\/\/www.rossinioperafestival.it\/en\/?s={search_term_string}"},"query-input":{"@type":"PropertyValueSpecification","valueRequired":true,"valueName":"search_term_string"}}],"inLanguage":"en-US"},{"@type":"Organization","@id":"https:\/\/www.rossinioperafestival.it\/en\/#organization","name":"Rossini Opera Festival","url":"https:\/\/www.rossinioperafestival.it\/en\/","logo":{"@type":"ImageObject","inLanguage":"en-US","@id":"https:\/\/www.rossinioperafestival.it\/en\/#\/schema\/logo\/image\/","url":"https:\/\/www.rossinioperafestival.it\/wp-content\/uploads\/logo_rof.svg","contentUrl":"https:\/\/www.rossinioperafestival.it\/wp-content\/uploads\/logo_rof.svg","caption":"Rossini Opera Festival"},"image":{"@id":"https:\/\/www.rossinioperafestival.it\/en\/#\/schema\/logo\/image\/"}}]}},"_links":{"self":[{"href":"https:\/\/www.rossinioperafestival.it\/en\/wp-json\/wp\/v2\/pages\/30470","targetHints":{"allow":["GET"]}}],"collection":[{"href":"https:\/\/www.rossinioperafestival.it\/en\/wp-json\/wp\/v2\/pages"}],"about":[{"href":"https:\/\/www.rossinioperafestival.it\/en\/wp-json\/wp\/v2\/types\/page"}],"author":[{"embeddable":true,"href":"https:\/\/www.rossinioperafestival.it\/en\/wp-json\/wp\/v2\/users\/7"}],"replies":[{"embeddable":true,"href":"https:\/\/www.rossinioperafestival.it\/en\/wp-json\/wp\/v2\/comments?post=30470"}],"version-history":[{"count":8,"href":"https:\/\/www.rossinioperafestival.it\/en\/wp-json\/wp\/v2\/pages\/30470\/revisions"}],"predecessor-version":[{"id":52378,"href":"https:\/\/www.rossinioperafestival.it\/en\/wp-json\/wp\/v2\/pages\/30470\/revisions\/52378"}],"up":[{"embeddable":true,"href":"https:\/\/www.rossinioperafestival.it\/en\/wp-json\/wp\/v2\/pages\/29825"}],"wp:featuredmedia":[{"embeddable":true,"href":"https:\/\/www.rossinioperafestival.it\/en\/wp-json\/wp\/v2\/media\/32758"}],"wp:attachment":[{"href":"https:\/\/www.rossinioperafestival.it\/en\/wp-json\/wp\/v2\/media?parent=30470"}],"curies":[{"name":"wp","href":"https:\/\/api.w.org\/{rel}","templated":true}]}}